{"id":8966,"date":"2023-04-08T06:50:37","date_gmt":"2023-04-08T06:50:37","guid":{"rendered":"https:\/\/fondazione-riccardo-marina-mantovani.org\/privacy-policy\/"},"modified":"2025-05-27T10:36:04","modified_gmt":"2025-05-27T10:36:04","slug":"privacy-policy","status":"publish","type":"page","link":"https:\/\/fondazione-riccardo-marina-mantovani.org\/es\/privacy-policy\/","title":{"rendered":"Privacy Policy"},"content":{"rendered":"<section  class='av_textblock_section av-mb3faas9-24a72ef150e22db8bd642776744ed343 '   itemscope=\"itemscope\" itemtype=\"https:\/\/schema.org\/CreativeWork\" ><div class='avia_textblock'  itemprop=\"text\" ><h2 style=\"text-align: center;\">Privacy Policy<\/h2>\n<div id=\"left-area\">\n<article id=\"post-764\" class=\"post-764 page type-page status-publish hentry\">\n<div class=\"entry-content\">\n<h2 class=\"wp-block-heading\">QUI\u00c9NES SOMOS<\/h2>\n<p>La direcci\u00f3n de nuestra p\u00e1gina web es: https:\/\/funci\u00f3ne-riccardo-marina-mantovani.org.<\/p>\n<h2 class=\"wp-block-heading\">COMENTARIOS<\/h2>\n<p>Cuando los visitantes dejan comentarios en el sitio, recopilamos los datos que se muestran en el formulario de comentarios, adem\u00e1s de la direcci\u00f3n IP del visitante y la cadena del agente de usuario del navegador para facilitar la detecci\u00f3n de spam.<\/p>\n<p>Una cadena an\u00f3nima creada a partir de tu direcci\u00f3n de correo electr\u00f3nico (tambi\u00e9n llamada hash) puede ser entregada al servicio Gravatar para ver si la est\u00e1s usando. La pol\u00edtica de privacidad del servicio Gravatar est\u00e1 disponible aqu\u00ed: https:\/\/automattic.com\/privacy\/. Despu\u00e9s de aprobar su comentario, su imagen de perfil es visible al p\u00fablico en el contexto de su comentario.<\/p>\n<h2 class=\"wp-block-heading\">MEDIA<\/h2>\n<p>Si carga im\u00e1genes en el sitio web, debe evitar cargar im\u00e1genes que incluyan datos de ubicaci\u00f3n incorporados (EXIF GPS). Los visitantes del sitio web pueden descargar y extraer cualquier dato sobre la ubicaci\u00f3n de las im\u00e1genes en el sitio web.<\/p>\n<h2 class=\"wp-block-heading\">COOKIE<\/h2>\n<p>Si deja un comentario en nuestro sitio, puede optar por guardar su nombre, direcci\u00f3n de correo electr\u00f3nico y sitio web en cookies. Se utilizan para su comodidad, por lo que no tiene que volver a introducir sus datos cuando deja otro comentario. Estas cookies duran un a\u00f1o.<\/p>\n<p>Si visita la p\u00e1gina de inicio de sesi\u00f3n, se establecer\u00e1 una cookie temporal para determinar si su navegador acepta cookies. Esta cookie no contiene datos personales y se elimina al cerrar el navegador.<\/p>\n<p>Cuando inicia sesi\u00f3n, se configurar\u00e1n varias cookies para guardar su informaci\u00f3n de inicio de sesi\u00f3n y sus opciones de visualizaci\u00f3n de pantalla. Las cookies de inicio de sesi\u00f3n duran dos d\u00edas, mientras que las cookies de opciones de pantalla duran un a\u00f1o. Si seleccionas \u00abRecordarme\u00bb, tu acceso persistir\u00e1 durante dos semanas. Si sales de tu cuenta, se eliminar\u00e1n las cookies de inicio de sesi\u00f3n.<\/p>\n<p>Si edita o publica un art\u00edculo, se guardar\u00e1 una cookie adicional en su navegador. Esta cookie no incluye datos personales, sino que simplemente indica el ID del art\u00edculo modificado. Caduca despu\u00e9s de 1 d\u00eda.<\/p>\n<h2 class=\"wp-block-heading\">CONTENIDO INCORPORADO DE OTROS SITIOS WEB<\/h2>\n<p>Los art\u00edculos en este sitio pueden incluir contenido incorporado (por ejemplo, videos, im\u00e1genes, art\u00edculos, etc.). Los contenidos incorporados de otros sitios web se comportan exactamente igual que si el visitante hubiera visitado el otro sitio web.<\/p>\n<p>Estos sitios web pueden recopilar datos sobre usted, usar cookies, integrar un seguimiento de terceros y monitorear la interacci\u00f3n con ellos, incluido el seguimiento de su interacci\u00f3n con el contenido incorporado si tiene una cuenta y est\u00e1 conectado a esos sitios web.<\/p>\n<h2 class=\"wp-block-heading\">CON QUI\u00c9N COMPARTIMOS SUS DATOS<\/h2>\n<p>Si solicitas un restablecimiento de contrase\u00f1a, tu direcci\u00f3n IP se incluir\u00e1 en el correo electr\u00f3nico de restablecimiento.<\/p>\n<h2 class=\"wp-block-heading\">CU\u00c1NTO TIEMPO CONSERVAMOS SUS DATOS<\/h2>\n<p>Si deja un comentario, el comentario y sus metadatos se conservan indefinidamente. De esta forma, podemos reconocer y aprobar autom\u00e1ticamente cualquier comentario posterior en lugar de mantenerlo en una cola de moderaci\u00f3n.<\/p>\n<p>Para los usuarios que se registren en nuestro sitio web (si es el caso), tambi\u00e9n almacenamos la informaci\u00f3n personal que proporcionan en su perfil de usuario. Todos los usuarios pueden ver, modificar o eliminar su informaci\u00f3n personal en cualquier momento (excepto su nombre de usuario que no puede cambiar). Los administradores del sitio web tambi\u00e9n pueden ver y editar esta informaci\u00f3n.<\/p>\n<h2 class=\"wp-block-heading\">QU\u00c9 DERECHOS TIENES SOBRE TUS DATOS<\/h2>\n<p>Si tiene una cuenta en este sitio, o ha dejado comentarios, puede solicitar que le enviemos un archivo exportado desde el sitio con los datos personales que tenemos sobre usted, incluidos los datos que nos ha proporcionado. Tambi\u00e9n puede solicitar que eliminemos todos sus datos personales. Esto no incluye los datos que estamos obligados a mantener para fines administrativos, legales o de seguridad.<\/p>\n<h2 class=\"wp-block-heading\">D\u00d3NDE SE ENV\u00cdAN SUS DATOS<\/h2>\n<p>Los comentarios de los visitantes pueden ser controlados a trav\u00e9s de un servicio de detecci\u00f3n autom\u00e1tica de spam.<\/p>\n<\/div>\n<\/article>\n<\/div>\n<\/div><\/section>\n","protected":false},"excerpt":{"rendered":"","protected":false},"author":1,"featured_media":0,"parent":0,"menu_order":0,"comment_status":"closed","ping_status":"closed","template":"","meta":{"_monsterinsights_skip_tracking":false,"_monsterinsights_sitenote_active":false,"_monsterinsights_sitenote_note":"","_monsterinsights_sitenote_category":0,"footnotes":""},"class_list":["post-8966","page","type-page","status-publish","hentry"],"_links":{"self":[{"href":"https:\/\/fondazione-riccardo-marina-mantovani.org\/es\/wp-json\/wp\/v2\/pages\/8966","targetHints":{"allow":["GET"]}}],"collection":[{"href":"https:\/\/fondazione-riccardo-marina-mantovani.org\/es\/wp-json\/wp\/v2\/pages"}],"about":[{"href":"https:\/\/fondazione-riccardo-marina-mantovani.org\/es\/wp-json\/wp\/v2\/types\/page"}],"author":[{"embeddable":true,"href":"https:\/\/fondazione-riccardo-marina-mantovani.org\/es\/wp-json\/wp\/v2\/users\/1"}],"replies":[{"embeddable":true,"href":"https:\/\/fondazione-riccardo-marina-mantovani.org\/es\/wp-json\/wp\/v2\/comments?post=8966"}],"version-history":[{"count":3,"href":"https:\/\/fondazione-riccardo-marina-mantovani.org\/es\/wp-json\/wp\/v2\/pages\/8966\/revisions"}],"predecessor-version":[{"id":8968,"href":"https:\/\/fondazione-riccardo-marina-mantovani.org\/es\/wp-json\/wp\/v2\/pages\/8966\/revisions\/8968"}],"wp:attachment":[{"href":"https:\/\/fondazione-riccardo-marina-mantovani.org\/es\/wp-json\/wp\/v2\/media?parent=8966"}],"curies":[{"name":"wp","href":"https:\/\/api.w.org\/{rel}","templated":true}]}}